{"id":46,"date":"2022-05-04T09:41:21","date_gmt":"2022-05-04T09:41:21","guid":{"rendered":"https:\/\/www.esfields.ro\/?page_id=46"},"modified":"2025-12-18T12:28:40","modified_gmt":"2025-12-18T10:28:40","slug":"module","status":"publish","type":"page","link":"https:\/\/www.esfields.ro\/ro\/module\/","title":{"rendered":"Module"},"content":{"rendered":"<div class=\"wpb-content-wrapper\"><p>[vc_row row_height_percent=&#8221;0&#8243; overlay_alpha=&#8221;50&#8243; equal_height=&#8221;yes&#8221; gutter_size=&#8221;3&#8243; column_width_percent=&#8221;100&#8243; shift_y=&#8221;0&#8243; z_index=&#8221;0&#8243; uncode_shortcode_id=&#8221;182503&#8243;][vc_column column_width_percent=&#8221;100&#8243; position_vertical=&#8221;middle&#8221; gutter_size=&#8221;3&#8243; overlay_alpha=&#8221;50&#8243; radius=&#8221;std&#8221; shift_x=&#8221;0&#8243; shift_y=&#8221;0&#8243; shift_y_down=&#8221;0&#8243; z_index=&#8221;0&#8243; medium_width=&#8221;0&#8243; mobile_width=&#8221;0&#8243; width=&#8221;1\/1&#8243; uncode_shortcode_id=&#8221;212311&#8243;][vc_custom_heading heading_semantic=&#8221;h3&#8243; text_size=&#8221;h1&#8243; uncode_shortcode_id=&#8221;191381&#8243;]Modulele esFields EVO 2[\/vc_custom_heading][\/vc_column][\/vc_row][vc_row row_height_percent=&#8221;0&#8243; overlay_alpha=&#8221;50&#8243; equal_height=&#8221;yes&#8221; gutter_size=&#8221;3&#8243; column_width_percent=&#8221;100&#8243; shift_y=&#8221;0&#8243; z_index=&#8221;0&#8243; uncode_shortcode_id=&#8221;184785&#8243;][vc_column column_width_percent=&#8221;100&#8243; gutter_size=&#8221;3&#8243; overlay_alpha=&#8221;50&#8243; shift_x=&#8221;0&#8243; shift_y=&#8221;0&#8243; shift_y_down=&#8221;0&#8243; z_index=&#8221;0&#8243; medium_width=&#8221;0&#8243; mobile_width=&#8221;0&#8243; width=&#8221;1\/3&#8243; uncode_shortcode_id=&#8221;159571&#8243;][vc_icon position=&#8221;left&#8221; icon=&#8221;fa fa-map2&#8243; icon_color=&#8221;color-138562&#8243; size=&#8221;fa-3x&#8221; heading_semantic=&#8221;h5&#8243; text_size=&#8221;h5&#8243; uncode_shortcode_id=&#8221;135997&#8243; icon_color_type=&#8221;uncode-palette&#8221; title=&#8221;Management al rutelor&#8221;]Prin func\u021bia de GPS, utilizatorii pot planifica \u0219i gestiona rutele zilnice, pe care le au de parcurs pentru a atinge toate punctele de v\u00e2nzare \u0219i distribu\u021bie. De asemenea, managerii pot monitoriza traseele agen\u021bilor de v\u00e2nz\u0103ri, pentru a supraveghea activitatea acestora.[\/vc_icon][\/vc_column][vc_column column_width_percent=&#8221;100&#8243; gutter_size=&#8221;3&#8243; overlay_alpha=&#8221;50&#8243; shift_x=&#8221;0&#8243; shift_y=&#8221;0&#8243; shift_y_down=&#8221;0&#8243; z_index=&#8221;0&#8243; medium_width=&#8221;0&#8243; mobile_width=&#8221;0&#8243; width=&#8221;1\/3&#8243; uncode_shortcode_id=&#8221;442400&#8243;][vc_icon position=&#8221;left&#8221; icon=&#8221;fa fa-target&#8221; icon_color=&#8221;color-138562&#8243; size=&#8221;fa-3x&#8221; heading_semantic=&#8221;h5&#8243; text_size=&#8221;h5&#8243; uncode_shortcode_id=&#8221;797152&#8243; icon_color_type=&#8221;uncode-palette&#8221; title=&#8221;Gamification&#8221;]esFields EVO 2 permite realizarea de clasamente ale agen\u021bilor de v\u00e2nz\u0103ri \u0219i recompensarea acestora, \u00een func\u021bie de performan\u021be. Astfel, agen\u021bii r\u0103m\u00e2n motiva\u021bi pentru a \u00ee\u0219i atinge targetul de v\u00e2nz\u0103ri, iar managerii \u00een\u021beleg eficien\u021ba fiec\u0103rui membru al echipei.[\/vc_icon][\/vc_column][vc_column column_width_percent=&#8221;100&#8243; gutter_size=&#8221;3&#8243; overlay_alpha=&#8221;50&#8243; shift_x=&#8221;0&#8243; shift_y=&#8221;0&#8243; shift_y_down=&#8221;0&#8243; z_index=&#8221;0&#8243; medium_width=&#8221;0&#8243; mobile_width=&#8221;0&#8243; width=&#8221;1\/3&#8243; uncode_shortcode_id=&#8221;357994&#8243;][vc_icon position=&#8221;left&#8221; icon=&#8221;fa fa-clipboard2&#8243; icon_color=&#8221;color-138562&#8243; size=&#8221;fa-3x&#8221; heading_semantic=&#8221;h5&#8243; text_size=&#8221;h5&#8243; uncode_shortcode_id=&#8221;193294&#8243; icon_color_type=&#8221;uncode-palette&#8221; title=&#8221;Colectare \u0219i raportarea datelor&#8221;]Agen\u021bii din teren pot \u00eenregistra rapid, folosind formulare customizabile, informa\u021bii de la fiecare punct de v\u00e2nzare. Gestionarea \u0219i interpretarea datelor poate fi f\u0103cut\u0103 cu u\u0219urin\u021b\u0103, permi\u021b\u00e2nd ajustarea strategiei de v\u00e2nz\u0103ri pentru fiecare client, \u00een func\u021bie de variabile precum volum de v\u00e2nz\u0103ri, produse preferate \u0219i loca\u021bie.[\/vc_icon][\/vc_column][\/vc_row][vc_row row_height_percent=&#8221;0&#8243; overlay_alpha=&#8221;50&#8243; equal_height=&#8221;yes&#8221; gutter_size=&#8221;3&#8243; column_width_percent=&#8221;100&#8243; shift_y=&#8221;0&#8243; z_index=&#8221;0&#8243; uncode_shortcode_id=&#8221;605702&#8243;][vc_column column_width_percent=&#8221;100&#8243; gutter_size=&#8221;3&#8243; overlay_alpha=&#8221;50&#8243; shift_x=&#8221;0&#8243; shift_y=&#8221;0&#8243; shift_y_down=&#8221;0&#8243; z_index=&#8221;0&#8243; medium_width=&#8221;0&#8243; mobile_width=&#8221;0&#8243; width=&#8221;1\/3&#8243; uncode_shortcode_id=&#8221;212648&#8243;][vc_icon position=&#8221;left&#8221; icon=&#8221;fa fa-paper&#8221; icon_color=&#8221;color-138562&#8243; size=&#8221;fa-3x&#8221; heading_semantic=&#8221;h5&#8243; text_size=&#8221;h5&#8243; uncode_shortcode_id=&#8221;266135&#8243; icon_color_type=&#8221;uncode-palette&#8221; title=&#8221;Management de documente&#8221;]esFields EVO 2 faciliteaz\u0103 accesul reprezentan\u021bilor de v\u00e2nz\u0103ri la documente despre produse \u0219i clien\u021bi, informa\u021bii legate de stocuri \u0219i pre\u021buri. \u00cen plus, permite partajarea \u00een timp real relevante \u00eentre reprezentan\u021bii de v\u00e2nz\u0103ri din teren \u0219i manageri sau echipa aflat\u0103 la sediul companiei.[\/vc_icon][\/vc_column][vc_column column_width_percent=&#8221;100&#8243; gutter_size=&#8221;3&#8243; overlay_alpha=&#8221;50&#8243; shift_x=&#8221;0&#8243; shift_y=&#8221;0&#8243; shift_y_down=&#8221;0&#8243; z_index=&#8221;0&#8243; medium_width=&#8221;0&#8243; mobile_width=&#8221;0&#8243; width=&#8221;1\/3&#8243; uncode_shortcode_id=&#8221;423958&#8243;][vc_icon position=&#8221;left&#8221; icon=&#8221;fa fa-square-check&#8221; icon_color=&#8221;color-138562&#8243; size=&#8221;fa-3x&#8221; heading_semantic=&#8221;h5&#8243; text_size=&#8221;h5&#8243; uncode_shortcode_id=&#8221;159031&#8243; icon_color_type=&#8221;uncode-palette&#8221; title=&#8221;Procesarea comenzilor&#8221;]Cu ajutorul esFIelds EVO 2, echipele de v\u00e2nz\u0103ri pot gestiona comenzile la fiecare punct de v\u00e2nzare \u0219i pot raporta la sediu datele colectate din tranzac\u021bii financiare, precum facturi \u0219i contracte.[\/vc_icon][\/vc_column][vc_column column_width_percent=&#8221;100&#8243; gutter_size=&#8221;3&#8243; overlay_alpha=&#8221;50&#8243; shift_x=&#8221;0&#8243; shift_y=&#8221;0&#8243; shift_y_down=&#8221;0&#8243; z_index=&#8221;0&#8243; medium_width=&#8221;0&#8243; mobile_width=&#8221;0&#8243; width=&#8221;1\/3&#8243; uncode_shortcode_id=&#8221;443067&#8243;][vc_icon position=&#8221;left&#8221; icon=&#8221;fa fa-layers&#8221; icon_color=&#8221;color-138562&#8243; size=&#8221;fa-3x&#8221; heading_semantic=&#8221;h5&#8243; text_size=&#8221;h5&#8243; uncode_shortcode_id=&#8221;699973&#8243; icon_color_type=&#8221;uncode-palette&#8221; title=&#8221;Despre posibilitatea de personalizare&#8221;]Aplica\u021bia esFields EVO 2 poate fi personalizat\u0103 pentru a r\u0103spunde nevoilor companiilor din zona de v\u00e2nz\u0103ri \u0219i distribu\u021bie. Afl\u0103 mai multe despre posibilit\u0103\u021bile de customizare![\/vc_icon][\/vc_column][\/vc_row][vc_row row_height_percent=&#8221;0&#8243; override_padding=&#8221;yes&#8221; h_padding=&#8221;2&#8243; top_padding=&#8221;0&#8243; bottom_padding=&#8221;2&#8243; overlay_alpha=&#8221;50&#8243; gutter_size=&#8221;3&#8243; column_width_percent=&#8221;100&#8243; shift_y=&#8221;0&#8243; z_index=&#8221;0&#8243; uncode_shortcode_id=&#8221;167731&#8243;][vc_column column_width_percent=&#8221;100&#8243; position_vertical=&#8221;middle&#8221; align_horizontal=&#8221;align_center&#8221; gutter_size=&#8221;3&#8243; overlay_alpha=&#8221;50&#8243; shift_x=&#8221;0&#8243; shift_y=&#8221;0&#8243; shift_y_down=&#8221;0&#8243; z_index=&#8221;0&#8243; medium_width=&#8221;0&#8243; mobile_width=&#8221;0&#8243; width=&#8221;1\/1&#8243; uncode_shortcode_id=&#8221;136519&#8243;][vc_button button_color=&#8221;color-152789&#8243; border_width=&#8221;0&#8243; scale_mobile=&#8221;no&#8221; button_color_type=&#8221;uncode-palette&#8221; uncode_shortcode_id=&#8221;388676&#8243; link=&#8221;url:https%3A%2F%2Fwww.esfields.ro%2Fprogrameaza-demo%2F|title:Programeaz%C4%83%20Demo&#8221;]Vorbeste cu un consultant[\/vc_button][\/vc_column][\/vc_row][vc_row row_height_percent=&#8221;0&#8243; overlay_alpha=&#8221;50&#8243; equal_height=&#8221;yes&#8221; gutter_size=&#8221;3&#8243; column_width_percent=&#8221;100&#8243; shift_y=&#8221;0&#8243; z_index=&#8221;0&#8243; uncode_shortcode_id=&#8221;184785&#8243;][vc_column column_width_percent=&#8221;100&#8243; gutter_size=&#8221;3&#8243; overlay_alpha=&#8221;50&#8243; shift_x=&#8221;0&#8243; shift_y=&#8221;0&#8243; shift_y_down=&#8221;0&#8243; z_index=&#8221;0&#8243; medium_width=&#8221;0&#8243; mobile_width=&#8221;0&#8243; width=&#8221;1\/3&#8243; uncode_shortcode_id=&#8221;131850&#8243;][vc_icon position=&#8221;left&#8221; icon=&#8221;fa fa-monitor&#8221; icon_color=&#8221;color-138562&#8243; size=&#8221;fa-3x&#8221; heading_semantic=&#8221;h5&#8243; text_size=&#8221;h5&#8243; uncode_shortcode_id=&#8221;148595&#8243; icon_color_type=&#8221;uncode-palette&#8221; title=&#8221;Colectare de date calitative, online \u0219i offline&#8221;]Utilizatorii pot \u00eenregistra cu u\u0219urin\u021b\u0103 informa\u021biile de la clien\u021bi \u00een punctele de v\u00e2nzare sau \u00een cadrul unor studii de pia\u021b\u0103, cu ajutorul formularelor customizabile, colect\u00e2nd date calitative pentru analize relevante.[\/vc_icon][\/vc_column][vc_column column_width_percent=&#8221;100&#8243; gutter_size=&#8221;3&#8243; overlay_alpha=&#8221;50&#8243; shift_x=&#8221;0&#8243; shift_y=&#8221;0&#8243; shift_y_down=&#8221;0&#8243; z_index=&#8221;0&#8243; medium_width=&#8221;0&#8243; mobile_width=&#8221;0&#8243; width=&#8221;1\/3&#8243; uncode_shortcode_id=&#8221;151208&#8243;][vc_icon position=&#8221;left&#8221; icon=&#8221;fa fa-bar-graph-2&#8243; icon_color=&#8221;color-138562&#8243; size=&#8221;fa-3x&#8221; heading_semantic=&#8221;h5&#8243; text_size=&#8221;h5&#8243; uncode_shortcode_id=&#8221;109356&#8243; icon_color_type=&#8221;uncode-palette&#8221; title=&#8221;Rapoarte u\u0219or de construit \u0219i analizat&#8221;]Datele sunt analizate \u0219i raportate prin integrarea cu PowerBI, astfel \u00eenc\u00e2t factorii decizionali pot trace concluzii \u0219i ac\u021biona pe baza unor informa\u021bii exacte.[\/vc_icon][\/vc_column][vc_column column_width_percent=&#8221;100&#8243; gutter_size=&#8221;3&#8243; overlay_alpha=&#8221;50&#8243; shift_x=&#8221;0&#8243; shift_y=&#8221;0&#8243; shift_y_down=&#8221;0&#8243; z_index=&#8221;0&#8243; medium_width=&#8221;0&#8243; mobile_width=&#8221;0&#8243; width=&#8221;1\/3&#8243; uncode_shortcode_id=&#8221;510780&#8243;][vc_icon position=&#8221;left&#8221; icon=&#8221;fa fa-marquee-minus&#8221; icon_color=&#8221;color-138562&#8243; size=&#8221;fa-3x&#8221; heading_semantic=&#8221;h5&#8243; text_size=&#8221;h5&#8243; uncode_shortcode_id=&#8221;102558&#8243; icon_color_type=&#8221;uncode-palette&#8221; title=&#8221;Func\u021bia de scanare a codurilor de bare&#8221;]Aceast\u0103 func\u021bie \u00eembun\u0103t\u0103\u021be\u0219te viteza procesului \u0219i minimizeaz\u0103 erorile umane, care pot ap\u0103rea din introducerea manual\u0103 a datelor.[\/vc_icon][\/vc_column][\/vc_row][vc_row row_height_percent=&#8221;0&#8243; overlay_alpha=&#8221;50&#8243; equal_height=&#8221;yes&#8221; gutter_size=&#8221;3&#8243; column_width_percent=&#8221;100&#8243; shift_y=&#8221;0&#8243; z_index=&#8221;0&#8243; uncode_shortcode_id=&#8221;184785&#8243;][vc_column column_width_percent=&#8221;100&#8243; gutter_size=&#8221;3&#8243; overlay_alpha=&#8221;50&#8243; shift_x=&#8221;0&#8243; shift_y=&#8221;0&#8243; shift_y_down=&#8221;0&#8243; z_index=&#8221;0&#8243; medium_width=&#8221;0&#8243; mobile_width=&#8221;0&#8243; width=&#8221;1\/3&#8243; uncode_shortcode_id=&#8221;162719&#8243;][vc_icon position=&#8221;left&#8221; icon=&#8221;fa fa-pencil4&#8243; icon_color=&#8221;color-138562&#8243; size=&#8221;fa-3x&#8221; heading_semantic=&#8221;h5&#8243; text_size=&#8221;h5&#8243; uncode_shortcode_id=&#8221;349459&#8243; icon_color_type=&#8221;uncode-palette&#8221; title=&#8221;\u00cenregistrarea \u0219i analiza datelor&#8221;]Utilizatorii pot \u00eenregistra metricele relevante, precum durata traseelor sau orele de odihn\u0103, folosind foi de parcurs customizabile.[\/vc_icon][\/vc_column][vc_column column_width_percent=&#8221;100&#8243; gutter_size=&#8221;3&#8243; overlay_alpha=&#8221;50&#8243; shift_x=&#8221;0&#8243; shift_y=&#8221;0&#8243; shift_y_down=&#8221;0&#8243; z_index=&#8221;0&#8243; medium_width=&#8221;0&#8243; mobile_width=&#8221;0&#8243; width=&#8221;1\/3&#8243; uncode_shortcode_id=&#8221;235028&#8243;][vc_icon position=&#8221;left&#8221; icon=&#8221;fa fa-location-2&#8243; icon_color=&#8221;color-138562&#8243; size=&#8221;fa-3x&#8221; heading_semantic=&#8221;h5&#8243; text_size=&#8221;h5&#8243; uncode_shortcode_id=&#8221;458160&#8243; icon_color_type=&#8221;uncode-palette&#8221; title=&#8221;Func\u021bia GPS&#8221;]Cu ajutorul func\u021biei GPS, utilizatorii pot organiza rutele zilnice, pentru a asigura eficien\u021b\u0103 maxim\u0103 la fiecare traseu parcurs. \u00cen plus, aceasta faciliteaz\u0103 supravegherea activit\u0103\u021bii \u0219i loca\u021biei fiec\u0103rui vehicul, \u00een timp real.[\/vc_icon][\/vc_column][vc_column column_width_percent=&#8221;100&#8243; gutter_size=&#8221;3&#8243; overlay_alpha=&#8221;50&#8243; shift_x=&#8221;0&#8243; shift_y=&#8221;0&#8243; shift_y_down=&#8221;0&#8243; z_index=&#8221;0&#8243; medium_width=&#8221;0&#8243; mobile_width=&#8221;0&#8243; width=&#8221;1\/3&#8243; uncode_shortcode_id=&#8221;856224&#8243;][vc_icon position=&#8221;left&#8221; icon=&#8221;fa fa-layout&#8221; icon_color=&#8221;color-138562&#8243; size=&#8221;fa-3x&#8221; heading_semantic=&#8221;h5&#8243; text_size=&#8221;h5&#8243; uncode_shortcode_id=&#8221;894185&#8243; icon_color_type=&#8221;uncode-palette&#8221; title=&#8221;Interfa\u021b\u0103 u\u0219or de utilizat&#8221;]Solu\u021bia esFields EVO 2 este u\u0219or de accesat, chiar \u0219i de c\u0103tre utilizatorii far\u0103 background tehnic. Pentru dispecerat \u0219i management, exist\u0103 o interfa\u021b\u0103 prietenoas\u0103, ce permite localizarea trenurilor \u0219i supravegherea indicatorilor tehnici, \u00een timp real.[\/vc_icon][\/vc_column][\/vc_row][vc_row row_height_percent=&#8221;0&#8243; override_padding=&#8221;yes&#8221; h_padding=&#8221;2&#8243; top_padding=&#8221;0&#8243; bottom_padding=&#8221;4&#8243; overlay_alpha=&#8221;50&#8243; gutter_size=&#8221;3&#8243; column_width_percent=&#8221;100&#8243; shift_y=&#8221;0&#8243; z_index=&#8221;0&#8243; uncode_shortcode_id=&#8221;456823&#8243;][vc_column column_width_percent=&#8221;100&#8243; position_vertical=&#8221;middle&#8221; align_horizontal=&#8221;align_center&#8221; gutter_size=&#8221;3&#8243; overlay_alpha=&#8221;50&#8243; shift_x=&#8221;0&#8243; shift_y=&#8221;0&#8243; shift_y_down=&#8221;0&#8243; z_index=&#8221;0&#8243; medium_width=&#8221;0&#8243; mobile_width=&#8221;0&#8243; width=&#8221;1\/1&#8243; uncode_shortcode_id=&#8221;136519&#8243;][vc_button button_color=&#8221;color-152789&#8243; border_width=&#8221;0&#8243; scale_mobile=&#8221;no&#8221; button_color_type=&#8221;uncode-palette&#8221; uncode_shortcode_id=&#8221;177206&#8243; link=&#8221;url:https%3A%2F%2Fwww.esfields.ro%2Fprogrameaza-demo%2F|title:Programeaz%C4%83%20Demo&#8221;]Programeaz\u0103 un demo[\/vc_button][\/vc_column][\/vc_row]<\/p>\n<\/div>","protected":false},"excerpt":{"rendered":"<p>[vc_row row_height_percent=&#8221;0&#8243; overlay_alpha=&#8221;50&#8243; equal_height=&#8221;yes&#8221; gutter_size=&#8221;3&#8243; column_width_percent=&#8221;100&#8243; shift_y=&#8221;0&#8243; z_index=&#8221;0&#8243; uncode_shortcode_id=&#8221;182503&#8243;][vc_column column_width_percent=&#8221;100&#8243; position_vertical=&#8221;middle&#8221; gutter_size=&#8221;3&#8243; overlay_alpha=&#8221;50&#8243; radius=&#8221;std&#8221; shift_x=&#8221;0&#8243; shift_y=&#8221;0&#8243; shift_y_down=&#8221;0&#8243; z_index=&#8221;0&#8243; medium_width=&#8221;0&#8243; mobile_width=&#8221;0&#8243; [&hellip;]<\/p>\n","protected":false},"author":2,"featured_media":0,"parent":0,"menu_order":0,"comment_status":"closed","ping_status":"closed","template":"","meta":{"footnotes":""},"class_list":["post-46","page","type-page","status-publish","hentry"],"_links":{"self":[{"href":"https:\/\/www.esfields.ro\/ro\/wp-json\/wp\/v2\/pages\/46","targetHints":{"allow":["GET"]}}],"collection":[{"href":"https:\/\/www.esfields.ro\/ro\/wp-json\/wp\/v2\/pages"}],"about":[{"href":"https:\/\/www.esfields.ro\/ro\/wp-json\/wp\/v2\/types\/page"}],"author":[{"embeddable":true,"href":"https:\/\/www.esfields.ro\/ro\/wp-json\/wp\/v2\/users\/2"}],"replies":[{"embeddable":true,"href":"https:\/\/www.esfields.ro\/ro\/wp-json\/wp\/v2\/comments?post=46"}],"version-history":[{"count":32,"href":"https:\/\/www.esfields.ro\/ro\/wp-json\/wp\/v2\/pages\/46\/revisions"}],"predecessor-version":[{"id":1047,"href":"https:\/\/www.esfields.ro\/ro\/wp-json\/wp\/v2\/pages\/46\/revisions\/1047"}],"wp:attachment":[{"href":"https:\/\/www.esfields.ro\/ro\/wp-json\/wp\/v2\/media?parent=46"}],"curies":[{"name":"wp","href":"https:\/\/api.w.org\/{rel}","templated":true}]}}