{"id":48,"date":"2022-05-04T09:41:44","date_gmt":"2022-05-04T09:41:44","guid":{"rendered":"https:\/\/www.esfields.ro\/?page_id=48"},"modified":"2025-12-18T12:31:22","modified_gmt":"2025-12-18T10:31:22","slug":"clienti","status":"publish","type":"page","link":"https:\/\/www.esfields.ro\/ro\/clienti\/","title":{"rendered":"Clien\u021bi"},"content":{"rendered":"<div class=\"wpb-content-wrapper\"><p>[vc_row row_height_percent=&#8221;0&#8243; overlay_alpha=&#8221;50&#8243; equal_height=&#8221;yes&#8221; gutter_size=&#8221;3&#8243; column_width_percent=&#8221;100&#8243; shift_y=&#8221;0&#8243; z_index=&#8221;0&#8243; uncode_shortcode_id=&#8221;198229&#8243;][vc_column column_width_percent=&#8221;100&#8243; position_vertical=&#8221;middle&#8221; gutter_size=&#8221;3&#8243; overlay_alpha=&#8221;50&#8243; radius=&#8221;std&#8221; shift_x=&#8221;0&#8243; shift_y=&#8221;0&#8243; shift_y_down=&#8221;0&#8243; z_index=&#8221;0&#8243; medium_width=&#8221;0&#8243; mobile_width=&#8221;0&#8243; width=&#8221;1\/1&#8243; uncode_shortcode_id=&#8221;212311&#8243;][vc_custom_heading heading_semantic=&#8221;h3&#8243; text_size=&#8221;h1&#8243; uncode_shortcode_id=&#8221;394204&#8243; subheading=&#8221;Expertiza noastr\u0103 pe toate sectoarele de activitate este sus\u0163inut\u0103 de num\u0103rul considerabil de clien\u0163i, de toate dimensiunile, care au ales s\u0103-\u015fi dezvolte afacerile \u00eempreun\u0103 cu noi:&#8221;]Ei folosesc esFields EVO 2[\/vc_custom_heading][\/vc_column][\/vc_row][vc_row row_height_percent=&#8221;0&#8243; overlay_alpha=&#8221;50&#8243; gutter_size=&#8221;3&#8243; column_width_percent=&#8221;100&#8243; shift_y=&#8221;0&#8243; z_index=&#8221;0&#8243; uncode_shortcode_id=&#8221;812406&#8243;][vc_column column_width_percent=&#8221;100&#8243; position_vertical=&#8221;middle&#8221; gutter_size=&#8221;3&#8243; override_padding=&#8221;yes&#8221; column_padding=&#8221;3&#8243; back_color=&#8221;color-723544&#8243; overlay_alpha=&#8221;50&#8243; radius=&#8221;std&#8221; shift_x=&#8221;0&#8243; shift_y=&#8221;0&#8243; shift_y_down=&#8221;0&#8243; z_index=&#8221;0&#8243; medium_width=&#8221;0&#8243; mobile_width=&#8221;0&#8243; width=&#8221;1\/1&#8243; uncode_shortcode_id=&#8221;965273&#8243; back_color_type=&#8221;uncode-palette&#8221;][vc_row_inner][vc_column_inner column_width_percent=&#8221;100&#8243; gutter_size=&#8221;3&#8243; overlay_alpha=&#8221;50&#8243; shift_x=&#8221;0&#8243; shift_y=&#8221;0&#8243; shift_y_down=&#8221;0&#8243; z_index=&#8221;0&#8243; medium_width=&#8221;0&#8243; mobile_width=&#8221;0&#8243; width=&#8221;1\/3&#8243; uncode_shortcode_id=&#8221;272494&#8243;][vc_single_image media=&#8221;138&#8243; media_width_use_pixel=&#8221;yes&#8221; uncode_shortcode_id=&#8221;138528&#8243; media_width_pixel=&#8221;200&#8243;][uncode_list icon=&#8221;fa fa-check&#8221; icon_color=&#8221;color-152789&#8243; uncode_shortcode_id=&#8221;169213&#8243; icon_color_type=&#8221;uncode-palette&#8221;]<\/p>\n<ul>\n<li>Peste 20 de ani de activitate \u00een Rom\u00e2nia;<\/li>\n<li>Eficientizeaz\u0103 prin esFields EVO 2 patru divizii de lucru;<\/li>\n<li>Procentul de acurate\u021be a datelor de pe teren atinge 98%.<\/li>\n<\/ul>\n<p>[\/uncode_list][\/vc_column_inner][vc_column_inner column_width_percent=&#8221;100&#8243; position_vertical=&#8221;middle&#8221; gutter_size=&#8221;3&#8243; overlay_alpha=&#8221;50&#8243; shift_x=&#8221;0&#8243; shift_y=&#8221;0&#8243; shift_y_down=&#8221;0&#8243; z_index=&#8221;0&#8243; medium_width=&#8221;0&#8243; mobile_width=&#8221;0&#8243; width=&#8221;2\/3&#8243; uncode_shortcode_id=&#8221;201328&#8243;][vc_column_text uncode_shortcode_id=&#8221;300970&#8243;]Cu un istoric de peste 100 de ani, L\u2019Or\u00e9al este lider mondial pe pia\u021ba produselor de frumuse\u021be. Prezent\u0103 de peste 20 de ani pe pia\u021ba din Rom\u00e2nia, compania folose\u0219te esFields EVO 2 pentru a eficientiza activitatea celor patru divizii de lucru, iar rapoartele generate de aplica\u021bie sunt folosite \u00een toate zonele de business: marketing \u0219i v\u00e2nz\u0103ri &#8211; pentru a corela datele din teren cu situa\u021bia v\u00e2nz\u0103rilor, training \u2013 prin evaluarea activit\u0103\u021bii angaja\u021bilor \u0219i accounting \u2013 prin monitorizarea v\u00e2nz\u0103rilor \u00een timp real.<\/p>\n<p>Mul\u021bumit\u0103 implement\u0103rii esFields EVO 2, L\u2019Or\u00e9al atinge procentul de 98%, \u00een ceea ce prive\u0219te acurate\u021bea datelor din teren.[\/vc_column_text][\/vc_column_inner][\/vc_row_inner][\/vc_column][\/vc_row][vc_row row_height_percent=&#8221;0&#8243; overlay_alpha=&#8221;50&#8243; gutter_size=&#8221;3&#8243; column_width_percent=&#8221;100&#8243; shift_y=&#8221;0&#8243; z_index=&#8221;0&#8243; uncode_shortcode_id=&#8221;202929&#8243;][vc_column column_width_percent=&#8221;100&#8243; position_vertical=&#8221;middle&#8221; gutter_size=&#8221;3&#8243; override_padding=&#8221;yes&#8221; column_padding=&#8221;3&#8243; back_color=&#8221;color-723544&#8243; overlay_alpha=&#8221;50&#8243; radius=&#8221;std&#8221; shift_x=&#8221;0&#8243; shift_y=&#8221;0&#8243; shift_y_down=&#8221;0&#8243; z_index=&#8221;0&#8243; medium_width=&#8221;0&#8243; mobile_width=&#8221;0&#8243; width=&#8221;1\/1&#8243; uncode_shortcode_id=&#8221;965273&#8243; back_color_type=&#8221;uncode-palette&#8221;][vc_row_inner][vc_column_inner column_width_percent=&#8221;100&#8243; gutter_size=&#8221;3&#8243; overlay_alpha=&#8221;50&#8243; shift_x=&#8221;0&#8243; shift_y=&#8221;0&#8243; shift_y_down=&#8221;0&#8243; z_index=&#8221;0&#8243; medium_width=&#8221;0&#8243; mobile_width=&#8221;0&#8243; width=&#8221;1\/3&#8243; uncode_shortcode_id=&#8221;147530&#8243;][vc_single_image media=&#8221;140&#8243; media_width_use_pixel=&#8221;yes&#8221; uncode_shortcode_id=&#8221;935182&#8243; media_width_pixel=&#8221;200&#8243;][uncode_list icon=&#8221;fa fa-check&#8221; icon_color=&#8221;color-152789&#8243; uncode_shortcode_id=&#8221;187737&#8243; icon_color_type=&#8221;uncode-palette&#8221;]<\/p>\n<ul>\n<li>Companie de top din domeniul s\u0103u;<\/li>\n<li>Prin esFields EVO 2 elimin\u0103 erorile umane ale raport\u0103rii din teren;<\/li>\n<li>Faciliteaz\u0103 sarcinile de management \u0219i alocarea resurselor.<\/li>\n<\/ul>\n<p>[\/uncode_list][\/vc_column_inner][vc_column_inner column_width_percent=&#8221;100&#8243; position_vertical=&#8221;middle&#8221; gutter_size=&#8221;3&#8243; overlay_alpha=&#8221;50&#8243; shift_x=&#8221;0&#8243; shift_y=&#8221;0&#8243; shift_y_down=&#8221;0&#8243; z_index=&#8221;0&#8243; medium_width=&#8221;0&#8243; mobile_width=&#8221;0&#8243; width=&#8221;2\/3&#8243; uncode_shortcode_id=&#8221;201328&#8243;][vc_column_text uncode_shortcode_id=&#8221;300299&#8243;]RailCargo este unul dintre liderii de pia\u021b\u0103 \u00een transportul feroviar de marf\u0103 din Romania. \u00cen aceast\u0103 industrie, colectarea \u0219i completarea datelor \u00een foilor de parcurs, \u00een cel mai scurt timp, este esen\u021bial\u0103. Cu ajutorul esFields EVO 2, compania a reu\u0219it s\u0103 eficientizeze aceste opera\u021biuni, elimin\u00e2nd erorile umane \u0219i documentele \u00een format fizic.<\/p>\n<p>Prin personaliz\u0103ri specifice, esFields EVO 2 faciliteaz\u0103 nu doar activitatea mecanicilor de tren, ci \u0219i sarcinile de management care au loc la sediul central \u0219i alocarea resurselor.[\/vc_column_text][\/vc_column_inner][\/vc_row_inner][\/vc_column][\/vc_row][vc_row row_height_percent=&#8221;0&#8243; overlay_alpha=&#8221;50&#8243; gutter_size=&#8221;3&#8243; column_width_percent=&#8221;100&#8243; shift_y=&#8221;0&#8243; z_index=&#8221;0&#8243; uncode_shortcode_id=&#8221;164170&#8243;][vc_column column_width_percent=&#8221;100&#8243; position_vertical=&#8221;middle&#8221; gutter_size=&#8221;3&#8243; override_padding=&#8221;yes&#8221; column_padding=&#8221;3&#8243; back_color=&#8221;color-723544&#8243; overlay_alpha=&#8221;50&#8243; radius=&#8221;std&#8221; shift_x=&#8221;0&#8243; shift_y=&#8221;0&#8243; shift_y_down=&#8221;0&#8243; z_index=&#8221;0&#8243; medium_width=&#8221;0&#8243; mobile_width=&#8221;0&#8243; width=&#8221;1\/1&#8243; uncode_shortcode_id=&#8221;965273&#8243; back_color_type=&#8221;uncode-palette&#8221;][vc_row_inner][vc_column_inner column_width_percent=&#8221;100&#8243; gutter_size=&#8221;3&#8243; overlay_alpha=&#8221;50&#8243; shift_x=&#8221;0&#8243; shift_y=&#8221;0&#8243; shift_y_down=&#8221;0&#8243; z_index=&#8221;0&#8243; medium_width=&#8221;0&#8243; mobile_width=&#8221;0&#8243; width=&#8221;1\/3&#8243; uncode_shortcode_id=&#8221;311657&#8243;][vc_single_image media=&#8221;137&#8243; media_width_use_pixel=&#8221;yes&#8221; uncode_shortcode_id=&#8221;102573&#8243; media_width_pixel=&#8221;200&#8243;][uncode_list icon=&#8221;fa fa-check&#8221; icon_color=&#8221;color-152789&#8243; uncode_shortcode_id=&#8221;167949&#8243; icon_color_type=&#8221;uncode-palette&#8221;]<\/p>\n<ul>\n<li>Companie de top;<\/li>\n<li>Grupul s\u0103u este prezent \u00een 10 \u021b\u0103ri europene;<\/li>\n<li>Prin esFields EVO 2 a crescut acoperirea opera\u021biunilor din teren cu 15%.<\/li>\n<\/ul>\n<p>[\/uncode_list][\/vc_column_inner][vc_column_inner column_width_percent=&#8221;100&#8243; position_vertical=&#8221;middle&#8221; gutter_size=&#8221;3&#8243; overlay_alpha=&#8221;50&#8243; shift_x=&#8221;0&#8243; shift_y=&#8221;0&#8243; shift_y_down=&#8221;0&#8243; z_index=&#8221;0&#8243; medium_width=&#8221;0&#8243; mobile_width=&#8221;0&#8243; width=&#8221;2\/3&#8243; uncode_shortcode_id=&#8221;201328&#8243;][vc_column_text uncode_shortcode_id=&#8221;877854&#8243;]Alpin 57 Lux este una dintre cele mai mari companii produc\u0103toare de \u00eenghe\u021bat\u0103 din Rom\u00e2nia. \u00cen anul 2016, aceasta devenea parte din grupul Food Union Group, care este prezent \u00een 10 \u021b\u0103ri europene.<\/p>\n<p>Odat\u0103 cu implementarea esFields EVO 2, Alpin 57 Lux reu\u0219e\u0219te colectarea cu succes a datelor din comer\u021bul modern, pentru ob\u021binerea unei viziuni de ansamblu asupra produselor comercializate \u0219i a magazinelor \u00een care acestea sunt prezente. Av\u00e2nd un algoritm simplu de utilizare, aplica\u021bia e bine primit\u0103 de c\u0103tre to\u021bi utilizatorii \u2013 agen\u021bi din teren \u0219i manageri de echip\u0103.[\/vc_column_text][\/vc_column_inner][\/vc_row_inner][\/vc_column][\/vc_row][vc_row row_height_percent=&#8221;0&#8243; overlay_alpha=&#8221;50&#8243; gutter_size=&#8221;3&#8243; column_width_percent=&#8221;100&#8243; shift_y=&#8221;0&#8243; z_index=&#8221;0&#8243; uncode_shortcode_id=&#8221;114208&#8243;][vc_column column_width_percent=&#8221;100&#8243; position_vertical=&#8221;middle&#8221; gutter_size=&#8221;3&#8243; override_padding=&#8221;yes&#8221; column_padding=&#8221;3&#8243; back_color=&#8221;color-723544&#8243; overlay_alpha=&#8221;50&#8243; radius=&#8221;std&#8221; shift_x=&#8221;0&#8243; shift_y=&#8221;0&#8243; shift_y_down=&#8221;0&#8243; z_index=&#8221;0&#8243; medium_width=&#8221;0&#8243; mobile_width=&#8221;0&#8243; width=&#8221;1\/1&#8243; uncode_shortcode_id=&#8221;965273&#8243; back_color_type=&#8221;uncode-palette&#8221;][vc_row_inner][vc_column_inner column_width_percent=&#8221;100&#8243; gutter_size=&#8221;3&#8243; overlay_alpha=&#8221;50&#8243; shift_x=&#8221;0&#8243; shift_y=&#8221;0&#8243; shift_y_down=&#8221;0&#8243; z_index=&#8221;0&#8243; medium_width=&#8221;0&#8243; mobile_width=&#8221;0&#8243; width=&#8221;1\/3&#8243; uncode_shortcode_id=&#8221;311657&#8243;][vc_single_image media=&#8221;141&#8243; media_width_use_pixel=&#8221;yes&#8221; uncode_shortcode_id=&#8221;146369&#8243; media_width_pixel=&#8221;200&#8243;][uncode_list icon=&#8221;fa fa-check&#8221; icon_color=&#8221;color-152789&#8243; uncode_shortcode_id=&#8221;339589&#8243; icon_color_type=&#8221;uncode-palette&#8221;]<\/p>\n<ul>\n<li>Cea mai mare societate tematic\u0103 din Rom\u00e2nia;<\/li>\n<li>Activeaz\u0103 \u00een cinci zone de explorare \u0219i peste 30 de zone de exploatare;<\/li>\n<li>Prin esFields EVO 2 automatizeaz\u0103 informa\u021biile din fiecare punct de lucru.<\/li>\n<\/ul>\n<p>[\/uncode_list][\/vc_column_inner][vc_column_inner column_width_percent=&#8221;100&#8243; position_vertical=&#8221;middle&#8221; gutter_size=&#8221;3&#8243; overlay_alpha=&#8221;50&#8243; shift_x=&#8221;0&#8243; shift_y=&#8221;0&#8243; shift_y_down=&#8221;0&#8243; z_index=&#8221;0&#8243; medium_width=&#8221;0&#8243; mobile_width=&#8221;0&#8243; width=&#8221;2\/3&#8243; uncode_shortcode_id=&#8221;201328&#8243;][vc_column_text uncode_shortcode_id=&#8221;310542&#8243;]Societatea Na\u021bional\u0103 a Apelor Minerale (SNAM) este din domeniul cercet\u0103rii, explor\u0103rii \u0219i exploat\u0103rii resurselor naturale de ap\u0103 mineral\u0103 din Rom\u00e2nia, fiind cea mai mare societate de extrac\u021bie \u0219i livrare a apei minerale pentru \u00eembuteliere din \u021bar\u0103.<\/p>\n<p>Compania activeaz\u0103 \u00een cinci zone de explorare \u0219i peste 30 de zone de exploatare, iar fiecare punct de extrac\u021bie \u0219i distribu\u021bie presupune gestionarea unor volume mari de informa\u021bii. Ini\u021bial, colectarea \u0219i raportarea datelor era f\u0103cut\u0103 manual, \u00eens\u0103 procesul era greoi \u0219i \u00eenregistra deseori erori. Astfel, solu\u021bia aleas\u0103 este implementarea esFields EVO 2, software cu ajutorul c\u0103ruia sunt rezolvate aceste probleme, eficientiz\u00e2nd astfel \u00eentreaga activitate a companiei.[\/vc_column_text][\/vc_column_inner][\/vc_row_inner][\/vc_column][\/vc_row][vc_row row_height_percent=&#8221;0&#8243; overlay_alpha=&#8221;50&#8243; gutter_size=&#8221;3&#8243; column_width_percent=&#8221;100&#8243; shift_y=&#8221;0&#8243; z_index=&#8221;0&#8243; uncode_shortcode_id=&#8221;114208&#8243;][vc_column column_width_percent=&#8221;100&#8243; position_vertical=&#8221;middle&#8221; gutter_size=&#8221;3&#8243; override_padding=&#8221;yes&#8221; column_padding=&#8221;3&#8243; back_color=&#8221;color-723544&#8243; overlay_alpha=&#8221;50&#8243; radius=&#8221;std&#8221; shift_x=&#8221;0&#8243; shift_y=&#8221;0&#8243; shift_y_down=&#8221;0&#8243; z_index=&#8221;0&#8243; medium_width=&#8221;0&#8243; mobile_width=&#8221;0&#8243; width=&#8221;1\/1&#8243; uncode_shortcode_id=&#8221;965273&#8243; back_color_type=&#8221;uncode-palette&#8221;][vc_row_inner][vc_column_inner column_width_percent=&#8221;100&#8243; gutter_size=&#8221;3&#8243; overlay_alpha=&#8221;50&#8243; shift_x=&#8221;0&#8243; shift_y=&#8221;0&#8243; shift_y_down=&#8221;0&#8243; z_index=&#8221;0&#8243; medium_width=&#8221;0&#8243; mobile_width=&#8221;0&#8243; width=&#8221;1\/3&#8243; uncode_shortcode_id=&#8221;311657&#8243;][vc_single_image media=&#8221;142&#8243; media_width_use_pixel=&#8221;yes&#8221; uncode_shortcode_id=&#8221;150960&#8243; media_width_pixel=&#8221;200&#8243;][uncode_list icon=&#8221;fa fa-check&#8221; icon_color=&#8221;color-152789&#8243; uncode_shortcode_id=&#8221;186584&#8243; icon_color_type=&#8221;uncode-palette&#8221;]<\/p>\n<ul>\n<li>Companie interna\u021bional\u0103 \u00een transport de m\u0103rfuri;<\/li>\n<li>Prin esFields EVO 2 automatizeaz\u0103 procesele interne;<\/li>\n<li>Implement\u00e2nd solu\u021bia noastr\u0103, eficientizeaz\u0103 colectarea datelor.<\/li>\n<\/ul>\n<p>[\/uncode_list][\/vc_column_inner][vc_column_inner column_width_percent=&#8221;100&#8243; position_vertical=&#8221;middle&#8221; gutter_size=&#8221;3&#8243; overlay_alpha=&#8221;50&#8243; shift_x=&#8221;0&#8243; shift_y=&#8221;0&#8243; shift_y_down=&#8221;0&#8243; z_index=&#8221;0&#8243; medium_width=&#8221;0&#8243; mobile_width=&#8221;0&#8243; width=&#8221;2\/3&#8243; uncode_shortcode_id=&#8221;201328&#8243;][vc_column_text uncode_shortcode_id=&#8221;204999&#8243;]Vest Trans Rail este o companie specializat\u0103 \u00een transportul de m\u0103rfuri, asigur\u00e2nd at\u00e2t transport local, c\u00e2t \u0219i interna\u021bional, prin colaborarea cu operatori din \u00eentreaga Europ\u0103.<\/p>\n<p>Cu ajutorul esFields EVO 2, sunt automatizare procesele interne, de la colectarea \u0219i raportarea datelor \u00een foile de parcurs, p\u00e2n\u0103 la managementul resursei umane \u0219i a sarcinilor zilnice.[\/vc_column_text][\/vc_column_inner][\/vc_row_inner][\/vc_column][\/vc_row][vc_row row_height_percent=&#8221;0&#8243; overlay_alpha=&#8221;50&#8243; gutter_size=&#8221;3&#8243; column_width_percent=&#8221;100&#8243; shift_y=&#8221;0&#8243; z_index=&#8221;0&#8243; uncode_shortcode_id=&#8221;470094&#8243;][vc_column column_width_percent=&#8221;100&#8243; position_vertical=&#8221;middle&#8221; gutter_size=&#8221;3&#8243; override_padding=&#8221;yes&#8221; column_padding=&#8221;3&#8243; back_color=&#8221;color-723544&#8243; overlay_alpha=&#8221;50&#8243; radius=&#8221;std&#8221; shift_x=&#8221;0&#8243; shift_y=&#8221;0&#8243; shift_y_down=&#8221;0&#8243; z_index=&#8221;0&#8243; medium_width=&#8221;0&#8243; mobile_width=&#8221;0&#8243; width=&#8221;1\/1&#8243; uncode_shortcode_id=&#8221;965273&#8243; back_color_type=&#8221;uncode-palette&#8221;][vc_row_inner][vc_column_inner column_width_percent=&#8221;100&#8243; gutter_size=&#8221;3&#8243; overlay_alpha=&#8221;50&#8243; shift_x=&#8221;0&#8243; shift_y=&#8221;0&#8243; shift_y_down=&#8221;0&#8243; z_index=&#8221;0&#8243; medium_width=&#8221;0&#8243; mobile_width=&#8221;0&#8243; width=&#8221;1\/3&#8243; uncode_shortcode_id=&#8221;311657&#8243;][vc_single_image media=&#8221;139&#8243; media_width_use_pixel=&#8221;yes&#8221; uncode_shortcode_id=&#8221;543723&#8243; media_width_pixel=&#8221;200&#8243;][uncode_list icon=&#8221;fa fa-check&#8221; icon_color=&#8221;color-152789&#8243; uncode_shortcode_id=&#8221;175393&#8243; icon_color_type=&#8221;uncode-palette&#8221;]<\/p>\n<ul>\n<li>Agen\u021bie de publicitate;<\/li>\n<li>Personalizarea esFields EVO 2 companie a durat doar c\u00e2teva s\u0103pt\u0103m\u00e2ni;<\/li>\n<li>Solu\u021bia a eficientizat activitatea din teren a trei divizii opera\u021bionale.<\/li>\n<\/ul>\n<p>[\/uncode_list][\/vc_column_inner][vc_column_inner column_width_percent=&#8221;100&#8243; position_vertical=&#8221;middle&#8221; gutter_size=&#8221;3&#8243; overlay_alpha=&#8221;50&#8243; shift_x=&#8221;0&#8243; shift_y=&#8221;0&#8243; shift_y_down=&#8221;0&#8243; z_index=&#8221;0&#8243; medium_width=&#8221;0&#8243; mobile_width=&#8221;0&#8243; width=&#8221;2\/3&#8243; uncode_shortcode_id=&#8221;201328&#8243;][vc_column_text uncode_shortcode_id=&#8221;123905&#8243;]Mercury 360 este o agen\u021bie de publicitate, care ofer\u0103 solu\u021bii integrate de comunicare pentru companii din industrii precum Fast Mover Consumer Goods (FMCG), bunuri durabile sau servicii financiare.<\/p>\n<p>Implementarea esFields EVO 2 a venit ca urmare a nevoii de eficientizare a procesului de management al datelor, precum colectarea de informa\u021bii din teren \u0219i raportare \u0219i a fost finalizat\u0103 \u00een decurs de numai c\u00e2teva s\u0103pt\u0103m\u00e2ni, timp \u00een care a avut loc personalizarea aplica\u021biei pentru a r\u0103spunde nevoilor specifice ale Mercury 360.[\/vc_column_text][\/vc_column_inner][\/vc_row_inner][\/vc_column][\/vc_row][vc_row row_height_percent=&#8221;0&#8243; override_padding=&#8221;yes&#8221; h_padding=&#8221;2&#8243; top_padding=&#8221;2&#8243; bottom_padding=&#8221;4&#8243; overlay_alpha=&#8221;50&#8243; gutter_size=&#8221;3&#8243; column_width_percent=&#8221;100&#8243; shift_y=&#8221;0&#8243; z_index=&#8221;0&#8243; uncode_shortcode_id=&#8221;112574&#8243;][vc_column column_width_percent=&#8221;100&#8243; position_vertical=&#8221;middle&#8221; gutter_size=&#8221;3&#8243; override_padding=&#8221;yes&#8221; column_padding=&#8221;3&#8243; back_color=&#8221;color-723544&#8243; overlay_alpha=&#8221;50&#8243; radius=&#8221;std&#8221; shift_x=&#8221;0&#8243; shift_y=&#8221;0&#8243; shift_y_down=&#8221;0&#8243; z_index=&#8221;0&#8243; medium_width=&#8221;0&#8243; mobile_width=&#8221;0&#8243; width=&#8221;1\/1&#8243; uncode_shortcode_id=&#8221;965273&#8243; back_color_type=&#8221;uncode-palette&#8221;][vc_row_inner][vc_column_inner column_width_percent=&#8221;100&#8243; gutter_size=&#8221;3&#8243; overlay_alpha=&#8221;50&#8243; shift_x=&#8221;0&#8243; shift_y=&#8221;0&#8243; shift_y_down=&#8221;0&#8243; z_index=&#8221;0&#8243; medium_width=&#8221;0&#8243; mobile_width=&#8221;0&#8243; width=&#8221;1\/3&#8243; uncode_shortcode_id=&#8221;311657&#8243;][vc_single_image media=&#8221;951&#8243; media_width_use_pixel=&#8221;yes&#8221; uncode_shortcode_id=&#8221;119391&#8243; media_width_pixel=&#8221;200&#8243;][uncode_list icon=&#8221;fa fa-check&#8221; icon_color=&#8221;color-152789&#8243; uncode_shortcode_id=&#8221;202930&#8243; icon_color_type=&#8221;uncode-palette&#8221;]<\/p>\n<ul>\n<li>Companie elve\u021bian\u0103, \u00eenfiin\u021bat\u0103 \u00een 1996;<\/li>\n<li>Lider mondial \u00een servicii de recrutare;<\/li>\n<li>25 de ani de activitate \u00een Rom\u00e2nia.<\/li>\n<\/ul>\n<p>[\/uncode_list][\/vc_column_inner][vc_column_inner column_width_percent=&#8221;100&#8243; position_vertical=&#8221;middle&#8221; gutter_size=&#8221;3&#8243; overlay_alpha=&#8221;50&#8243; shift_x=&#8221;0&#8243; shift_y=&#8221;0&#8243; shift_y_down=&#8221;0&#8243; z_index=&#8221;0&#8243; medium_width=&#8221;0&#8243; mobile_width=&#8221;0&#8243; width=&#8221;2\/3&#8243; uncode_shortcode_id=&#8221;201328&#8243;][vc_column_text uncode_shortcode_id=&#8221;123152&#8243;]Adecco este o companie de resurse umane din Elve\u021bia, fondat\u0103 \u00een anul 1996, remarc\u00e2ndu-se drept cel mai mare juc\u0103tor pe plan mondial \u00een domeniul resurselor umane. Compania este prezent\u0103 \u0219i \u00een Rom\u00e2nia cu servicii de resurse umane din anul 2000, printre serviciile oferite num\u0103r\u00e2ndu-se externalizarea sarcinilor cheie pentru a beneficia de solu\u021bii rentabile, economisind astfel, at\u00e2t pe planul proiectelor sezoniere, c\u00e2t \u0219i pe planul proiectelor pe termen lung, precum \u0219i gestionarea deficitelor de personal cauzate de fluctua\u021biile sezoniere, concediile medicale sau \u201e\u00eenghe\u021barea\u201d angaj\u0103rilor.[\/vc_column_text][\/vc_column_inner][\/vc_row_inner][\/vc_column][\/vc_row][vc_row row_height_percent=&#8221;0&#8243; overlay_alpha=&#8221;50&#8243; gutter_size=&#8221;3&#8243; column_width_percent=&#8221;100&#8243; shift_y=&#8221;0&#8243; z_index=&#8221;0&#8243; desktop_visibility=&#8221;yes&#8221; medium_visibility=&#8221;yes&#8221; mobile_visibility=&#8221;yes&#8221; uncode_shortcode_id=&#8221;191385&#8243;][vc_column width=&#8221;1\/1&#8243;][vc_button button_color=&#8221;color-152789&#8243; border_width=&#8221;0&#8243; scale_mobile=&#8221;no&#8221; button_color_type=&#8221;uncode-palette&#8221; uncode_shortcode_id=&#8221;127856&#8243;]Descarca studiul de caz[\/vc_button][\/vc_column][\/vc_row]<\/p>\n<\/div>","protected":false},"excerpt":{"rendered":"<p>[vc_row row_height_percent=&#8221;0&#8243; overlay_alpha=&#8221;50&#8243; equal_height=&#8221;yes&#8221; gutter_size=&#8221;3&#8243; column_width_percent=&#8221;100&#8243; shift_y=&#8221;0&#8243; z_index=&#8221;0&#8243; uncode_shortcode_id=&#8221;198229&#8243;][vc_column column_width_percent=&#8221;100&#8243; position_vertical=&#8221;middle&#8221; gutter_size=&#8221;3&#8243; overlay_alpha=&#8221;50&#8243; radius=&#8221;std&#8221; shift_x=&#8221;0&#8243; shift_y=&#8221;0&#8243; shift_y_down=&#8221;0&#8243; z_index=&#8221;0&#8243; medium_width=&#8221;0&#8243; mobile_width=&#8221;0&#8243; [&hellip;]<\/p>\n","protected":false},"author":2,"featured_media":0,"parent":0,"menu_order":0,"comment_status":"closed","ping_status":"closed","template":"","meta":{"footnotes":""},"class_list":["post-48","page","type-page","status-publish","hentry"],"_links":{"self":[{"href":"https:\/\/www.esfields.ro\/ro\/wp-json\/wp\/v2\/pages\/48","targetHints":{"allow":["GET"]}}],"collection":[{"href":"https:\/\/www.esfields.ro\/ro\/wp-json\/wp\/v2\/pages"}],"about":[{"href":"https:\/\/www.esfields.ro\/ro\/wp-json\/wp\/v2\/types\/page"}],"author":[{"embeddable":true,"href":"https:\/\/www.esfields.ro\/ro\/wp-json\/wp\/v2\/users\/2"}],"replies":[{"embeddable":true,"href":"https:\/\/www.esfields.ro\/ro\/wp-json\/wp\/v2\/comments?post=48"}],"version-history":[{"count":52,"href":"https:\/\/www.esfields.ro\/ro\/wp-json\/wp\/v2\/pages\/48\/revisions"}],"predecessor-version":[{"id":1050,"href":"https:\/\/www.esfields.ro\/ro\/wp-json\/wp\/v2\/pages\/48\/revisions\/1050"}],"wp:attachment":[{"href":"https:\/\/www.esfields.ro\/ro\/wp-json\/wp\/v2\/media?parent=48"}],"curies":[{"name":"wp","href":"https:\/\/api.w.org\/{rel}","templated":true}]}}