{"id":52,"date":"2022-05-04T09:42:31","date_gmt":"2022-05-04T09:42:31","guid":{"rendered":"https:\/\/www.esfields.ro\/?page_id=52"},"modified":"2025-12-18T12:32:35","modified_gmt":"2025-12-18T10:32:35","slug":"personalizare","status":"publish","type":"page","link":"https:\/\/www.esfields.ro\/ro\/personalizare\/","title":{"rendered":"Personalizare"},"content":{"rendered":"<div class=\"wpb-content-wrapper\"><p>[vc_row row_height_percent=&#8221;0&#8243; overlay_alpha=&#8221;50&#8243; gutter_size=&#8221;3&#8243; column_width_percent=&#8221;100&#8243; shift_y=&#8221;0&#8243; z_index=&#8221;0&#8243; uncode_shortcode_id=&#8221;242240&#8243;][vc_column column_width_percent=&#8221;100&#8243; position_vertical=&#8221;middle&#8221; gutter_size=&#8221;3&#8243; override_padding=&#8221;yes&#8221; column_padding=&#8221;2&#8243; back_color=&#8221;color-723544&#8243; overlay_alpha=&#8221;50&#8243; radius=&#8221;std&#8221; shift_x=&#8221;0&#8243; shift_y=&#8221;0&#8243; shift_y_down=&#8221;0&#8243; z_index=&#8221;0&#8243; medium_width=&#8221;0&#8243; mobile_width=&#8221;0&#8243; width=&#8221;1\/1&#8243; uncode_shortcode_id=&#8221;832142&#8243; back_color_type=&#8221;uncode-palette&#8221;][vc_row_inner row_inner_height_percent=&#8221;0&#8243; overlay_alpha=&#8221;50&#8243; gutter_size=&#8221;3&#8243; shift_y=&#8221;0&#8243; z_index=&#8221;0&#8243; uncode_shortcode_id=&#8221;188258&#8243;][vc_column_inner column_width_percent=&#8221;100&#8243; position_vertical=&#8221;middle&#8221; align_horizontal=&#8221;align_center&#8221; gutter_size=&#8221;3&#8243; overlay_alpha=&#8221;50&#8243; shift_x=&#8221;0&#8243; shift_y=&#8221;0&#8243; shift_y_down=&#8221;0&#8243; z_index=&#8221;0&#8243; medium_width=&#8221;0&#8243; mobile_width=&#8221;0&#8243; width=&#8221;1\/3&#8243; uncode_shortcode_id=&#8221;208905&#8243; el_class=&#8221;image-card image-card-triple&#8221;][vc_single_image media=&#8221;544&#8243; media_width_percent=&#8221;60&#8243; alignment=&#8221;center&#8221; uncode_shortcode_id=&#8221;260346&#8243;][vc_single_image media=&#8221;533&#8243; media_width_percent=&#8221;60&#8243; alignment=&#8221;center&#8221; css_animation=&#8221;parallax&#8221; parallax_intensity=&#8221;2&#8243; uncode_shortcode_id=&#8221;122886&#8243;][vc_single_image media=&#8221;1037&#8243; media_width_percent=&#8221;60&#8243; alignment=&#8221;center&#8221; css_animation=&#8221;parallax&#8221; parallax_intensity=&#8221;3&#8243; uncode_shortcode_id=&#8221;142453&#8243;][\/vc_column_inner][vc_column_inner column_width_percent=&#8221;100&#8243; position_vertical=&#8221;middle&#8221; gutter_size=&#8221;3&#8243; overlay_alpha=&#8221;50&#8243; shift_x=&#8221;0&#8243; shift_y=&#8221;0&#8243; shift_y_down=&#8221;0&#8243; z_index=&#8221;0&#8243; medium_width=&#8221;0&#8243; mobile_width=&#8221;0&#8243; width=&#8221;2\/3&#8243; uncode_shortcode_id=&#8221;312422&#8243;][vc_custom_heading heading_semantic=&#8221;h3&#8243; text_size=&#8221;h1&#8243; uncode_shortcode_id=&#8221;174312&#8243; subheading=&#8221;Eficientizeaz\u0103-\u021bi businessul.&#8221;]100% adaptabil[\/vc_custom_heading][vc_button button_color=&#8221;color-152789&#8243; border_width=&#8221;0&#8243; scale_mobile=&#8221;no&#8221; link=&#8221;url:https%3A%2F%2Fwww.esfields.ro%2Fprogrameaza-demo%2F|title:Programeaz%C4%83%20Demo&#8221; button_color_type=&#8221;uncode-palette&#8221; uncode_shortcode_id=&#8221;176777&#8243;]Vreau un demo[\/vc_button][\/vc_column_inner][\/vc_row_inner][\/vc_column][\/vc_row][vc_row][vc_column column_width_percent=&#8221;100&#8243; position_vertical=&#8221;middle&#8221; align_horizontal=&#8221;align_right&#8221; gutter_size=&#8221;3&#8243; overlay_alpha=&#8221;50&#8243; shift_x=&#8221;0&#8243; shift_y=&#8221;0&#8243; shift_y_down=&#8221;0&#8243; z_index=&#8221;0&#8243; medium_width=&#8221;0&#8243; mobile_width=&#8221;0&#8243; width=&#8221;1\/3&#8243; uncode_shortcode_id=&#8221;637987&#8243;][vc_custom_heading heading_semantic=&#8221;h1&#8243; text_size=&#8221;h1&#8243; sub_lead=&#8221;yes&#8221; sub_reduced=&#8221;yes&#8221; uncode_shortcode_id=&#8221;231068&#8243; subheading=&#8221;\u00ce\u021bi \u00een\u021belegem businessul&#8221;]01[\/vc_custom_heading][\/vc_column][vc_column column_width_percent=&#8221;100&#8243; position_vertical=&#8221;middle&#8221; gutter_size=&#8221;3&#8243; overlay_alpha=&#8221;50&#8243; shift_x=&#8221;0&#8243; shift_y=&#8221;0&#8243; shift_y_down=&#8221;0&#8243; z_index=&#8221;0&#8243; medium_width=&#8221;0&#8243; mobile_width=&#8221;0&#8243; width=&#8221;2\/3&#8243; uncode_shortcode_id=&#8221;189131&#8243;][vc_column_text uncode_shortcode_id=&#8221;125690&#8243;]Te \u00eent\u00e2lne\u0219ti cu un consultant EXE Software, cu care discu\u021bi toate detaliile proiectului t\u0103u, ca s\u0103 \u00een\u021belegem exact cum func\u021bioneaz\u0103 compania ta \u0219i s\u0103-\u021bi identific\u0103m corect nevoile. Prime\u0219ti, apoi, o solu\u021bie 100% adaptat\u0103 afacerii tale.[\/vc_column_text][\/vc_column][\/vc_row][vc_row][vc_column column_width_percent=&#8221;100&#8243; position_vertical=&#8221;middle&#8221; align_horizontal=&#8221;align_right&#8221; gutter_size=&#8221;3&#8243; overlay_alpha=&#8221;50&#8243; shift_x=&#8221;0&#8243; shift_y=&#8221;0&#8243; shift_y_down=&#8221;0&#8243; z_index=&#8221;0&#8243; medium_width=&#8221;0&#8243; mobile_width=&#8221;0&#8243; width=&#8221;1\/3&#8243; uncode_shortcode_id=&#8221;637987&#8243;][vc_custom_heading heading_semantic=&#8221;h1&#8243; text_size=&#8221;h1&#8243; sub_lead=&#8221;yes&#8221; sub_reduced=&#8221;yes&#8221; uncode_shortcode_id=&#8221;534425&#8243; subheading=&#8221;Implement\u0103m esFields EVO 2&#8243;]02[\/vc_custom_heading][\/vc_column][vc_column column_width_percent=&#8221;100&#8243; position_vertical=&#8221;middle&#8221; gutter_size=&#8221;3&#8243; overlay_alpha=&#8221;50&#8243; shift_x=&#8221;0&#8243; shift_y=&#8221;0&#8243; shift_y_down=&#8221;0&#8243; z_index=&#8221;0&#8243; medium_width=&#8221;0&#8243; mobile_width=&#8221;0&#8243; width=&#8221;2\/3&#8243; uncode_shortcode_id=&#8221;189131&#8243;][vc_column_text uncode_shortcode_id=&#8221;909577&#8243;]Implementarea solu\u021biei esFields EVO 2 implic\u0103 un proces detaliat, prin care ne asigur\u0103m c\u0103 toate func\u021bionalit\u0103\u021bile sunt testate \u0219i func\u021bioneaz\u0103 a\u0219a cum au fost g\u00e2ndite, dar \u0219i c\u0103 \u00eentreaga echip\u0103 va fi preg\u0103tit\u0103 s\u0103 lucreze \u00een aplica\u021bie.[\/vc_column_text][\/vc_column][\/vc_row][vc_row][vc_column column_width_percent=&#8221;100&#8243; position_vertical=&#8221;middle&#8221; align_horizontal=&#8221;align_right&#8221; gutter_size=&#8221;3&#8243; overlay_alpha=&#8221;50&#8243; shift_x=&#8221;0&#8243; shift_y=&#8221;0&#8243; shift_y_down=&#8221;0&#8243; z_index=&#8221;0&#8243; medium_width=&#8221;0&#8243; mobile_width=&#8221;0&#8243; width=&#8221;1\/3&#8243; uncode_shortcode_id=&#8221;637987&#8243;][vc_custom_heading heading_semantic=&#8221;h1&#8243; text_size=&#8221;h1&#8243; sub_lead=&#8221;yes&#8221; sub_reduced=&#8221;yes&#8221; uncode_shortcode_id=&#8221;113491&#8243; subheading=&#8221;\u00ce\u021bi oferim suport&#8221;]03[\/vc_custom_heading][\/vc_column][vc_column column_width_percent=&#8221;100&#8243; position_vertical=&#8221;middle&#8221; gutter_size=&#8221;3&#8243; overlay_alpha=&#8221;50&#8243; shift_x=&#8221;0&#8243; shift_y=&#8221;0&#8243; shift_y_down=&#8221;0&#8243; z_index=&#8221;0&#8243; medium_width=&#8221;0&#8243; mobile_width=&#8221;0&#8243; width=&#8221;2\/3&#8243; uncode_shortcode_id=&#8221;189131&#8243;][vc_column_text uncode_shortcode_id=&#8221;727694&#8243;]Businessul tau cre\u0219te \u0219i se schimb\u0103, iar esFields EVO 2 este gata s\u0103 se adapteze constant. Fie c\u0103 vorbim de oameni ori de echipe noi, fie c\u0103vei avea nevoie de func\u021bionalit\u0103\u021bi modificate, esFields EVO 2 cre\u0219te al\u0103turi de tine.[\/vc_column_text][\/vc_column][\/vc_row][vc_row row_height_percent=&#8221;0&#8243; override_padding=&#8221;yes&#8221; h_padding=&#8221;2&#8243; top_padding=&#8221;2&#8243; bottom_padding=&#8221;4&#8243; overlay_alpha=&#8221;50&#8243; gutter_size=&#8221;3&#8243; column_width_percent=&#8221;100&#8243; shift_y=&#8221;0&#8243; z_index=&#8221;0&#8243; uncode_shortcode_id=&#8221;120383&#8243;][vc_column column_width_percent=&#8221;100&#8243; position_vertical=&#8221;middle&#8221; align_horizontal=&#8221;align_center&#8221; gutter_size=&#8221;3&#8243; overlay_alpha=&#8221;50&#8243; shift_x=&#8221;0&#8243; shift_y=&#8221;0&#8243; shift_y_down=&#8221;0&#8243; z_index=&#8221;0&#8243; medium_width=&#8221;0&#8243; mobile_width=&#8221;0&#8243; width=&#8221;1\/1&#8243; uncode_shortcode_id=&#8221;136519&#8243;][vc_button button_color=&#8221;color-152789&#8243; border_width=&#8221;0&#8243; scale_mobile=&#8221;no&#8221; button_color_type=&#8221;uncode-palette&#8221; uncode_shortcode_id=&#8221;685396&#8243; link=&#8221;url:https%3A%2F%2Fwww.esfields.ro%2Fprogrameaza-demo%2F|title:Programeaz%C4%83%20Demo&#8221;]Vorbe\u0219te cu un consultant[\/vc_button][\/vc_column][\/vc_row]<\/p>\n<\/div>","protected":false},"excerpt":{"rendered":"<p>[vc_row row_height_percent=&#8221;0&#8243; overlay_alpha=&#8221;50&#8243; gutter_size=&#8221;3&#8243; column_width_percent=&#8221;100&#8243; shift_y=&#8221;0&#8243; z_index=&#8221;0&#8243; uncode_shortcode_id=&#8221;242240&#8243;][vc_column column_width_percent=&#8221;100&#8243; position_vertical=&#8221;middle&#8221; gutter_size=&#8221;3&#8243; override_padding=&#8221;yes&#8221; column_padding=&#8221;2&#8243; back_color=&#8221;color-723544&#8243; overlay_alpha=&#8221;50&#8243; radius=&#8221;std&#8221; shift_x=&#8221;0&#8243; shift_y=&#8221;0&#8243; shift_y_down=&#8221;0&#8243; z_index=&#8221;0&#8243; [&hellip;]<\/p>\n","protected":false},"author":2,"featured_media":0,"parent":0,"menu_order":0,"comment_status":"closed","ping_status":"closed","template":"","meta":{"footnotes":""},"class_list":["post-52","page","type-page","status-publish","hentry"],"_links":{"self":[{"href":"https:\/\/www.esfields.ro\/ro\/wp-json\/wp\/v2\/pages\/52","targetHints":{"allow":["GET"]}}],"collection":[{"href":"https:\/\/www.esfields.ro\/ro\/wp-json\/wp\/v2\/pages"}],"about":[{"href":"https:\/\/www.esfields.ro\/ro\/wp-json\/wp\/v2\/types\/page"}],"author":[{"embeddable":true,"href":"https:\/\/www.esfields.ro\/ro\/wp-json\/wp\/v2\/users\/2"}],"replies":[{"embeddable":true,"href":"https:\/\/www.esfields.ro\/ro\/wp-json\/wp\/v2\/comments?post=52"}],"version-history":[{"count":28,"href":"https:\/\/www.esfields.ro\/ro\/wp-json\/wp\/v2\/pages\/52\/revisions"}],"predecessor-version":[{"id":1051,"href":"https:\/\/www.esfields.ro\/ro\/wp-json\/wp\/v2\/pages\/52\/revisions\/1051"}],"wp:attachment":[{"href":"https:\/\/www.esfields.ro\/ro\/wp-json\/wp\/v2\/media?parent=52"}],"curies":[{"name":"wp","href":"https:\/\/api.w.org\/{rel}","templated":true}]}}